{"id":4326,"date":"2017-04-11T09:44:57","date_gmt":"2017-04-11T09:44:57","guid":{"rendered":"http:\/\/www.charlotteacklin.com\/wordpress\/?page_id=4326"},"modified":"2019-09-03T15:08:42","modified_gmt":"2019-09-03T13:08:42","slug":"filmographie","status":"publish","type":"page","link":"https:\/\/www.charlotteacklin.com\/wordpress\/filmographie\/","title":{"rendered":"Filmographie"},"content":{"rendered":"<div class=\"wpb-content-wrapper\"><p>[vc_row][vc_column width=&#8221;1\/2&#8243;][vc_column_text]<\/p>\n<p><span style=\"color: #ffffff;\">XXX<\/span><\/p>\n<h3><strong>Filmografie<\/strong><\/h3>\n<p>Regie Fernsehspiel- und Dokumentarfilme (Auswahl):<\/p>\n<p>DIE NEUEN M\u00c4ZENE<\/p>\n<p>Reportage zum Thema Kunstsponsoring<\/p>\n<p>30 min., ARD\/BR\/ARTE<\/p>\n<p>IN DER W\u00dcSTE ERTRUNKEN<\/p>\n<p>Fernsehspiel \u00fcber die legend\u00e4re Schriftstellerin und Abenteurerin Isabelle Eberhardt in der Sahara zu Anfang des 20. Jahrhunderts<\/p>\n<p>60 min., ZDF\/ARTE; mit Volker Spahr, Osman Ragheb, Heidy Forster, Ghassan Naasan, Jutta Lampe, August Zirner u.a.<\/p>\n<p>DER AUFSTAND DER KINDER<\/p>\n<p>Dokumentarfilm zum Thema Rassenkonflikt in S\u00fcdafrika<\/p>\n<p>45 min., ARD\/WDR\/ARTE<\/p>\n<p>SARAFINA &#8211; THEATER DER BEFREIUNG<\/p>\n<p>Dokumentarfilm \u00fcber eine schwarze Theatergruppe aus Johannesburg, die ihre Geschichte und die der Schwarzen in S\u00fcdafrika in Form eines ungew\u00f6hnlichen Musicals erz\u00e4hlt<\/p>\n<p>75 min., ARD\/WDR\/ARTE<\/p>\n<p>AUF LEBEN UND TOD<\/p>\n<p>Fernsehspiel \u00fcber den Mythos Kindheit, basierend auf der Geschichte &#8220;Wie ein Tag&#8221; von Luigi Pirandello<\/p>\n<p>60 min., ZDF\/ARTE; mit Michael Mendel, Rainer Friedrichsen, Malcom Thomson, Horst Sachtleben u.a.<\/p>\n<p>TIMES ARE TOUGH<\/p>\n<p>Roadmovie \u00fcber die Geschichte eines Schweizer Clowns in der Welt der stand up comedians in New York<\/p>\n<p>90 min., ZDF\/ARTE; mit Pello, Stan George, Ralph Cooper Jun., Al Loubell, Jamie du Roy, Billy Jay u.a.<\/p>\n<p>DER DALAI LAMA &#8211; GOTTK\u00d6NIG DER TIBETER<\/p>\n<p>Portrait des Dalai Lama im indischen Exil<\/p>\n<p>45 min., ARD\/WDR\/3sat\/ARTE; nominiert f\u00fcr den Grimme-Preis<\/p>\n<p>HERZT\u00d6NE<\/p>\n<p>Reportage \u00fcber Musik in der Medizin und ihre Wirkung auf das Unterbewusste<\/p>\n<p>45 min., ARD\/SWF\/HR\/ARTE<\/p>\n<p>EINMAL UNTERWELT UND ZUR\u00dcCK<\/p>\n<p>Portrait der kanadischen Schriftstellerin Margaret Atwood<\/p>\n<p>45 min., WDR\/HR\/ARTE<\/p>\n<p>FERN UND DOCH SO NAH<\/p>\n<p>Reportage \u00fcber Menschen im Koma und deren Angeh\u00f6rige<\/p>\n<p>30 min, ZDF\/3Sat\/ARTE; nominiert f\u00fcr den Goldenen L\u00f6wen\/Deutscher Fernsehpreis<\/p>\n<p>TURBO KIDS<\/p>\n<p>Reportage \u00fcber Kinder auf dem Weg zur Formel 1<\/p>\n<p>30 min., ZDF\/3Sat<\/p>\n<p>WIE EIN WUNDER<\/p>\n<p>Reportage \u00fcber medizinisch unerkl\u00e4rliche Heilungen<\/p>\n<p>30 min., ZDF\/3Sat<\/p>\n<p>GEF\u00c4HRLICHE UMARMUNG<\/p>\n<p>Reportage \u00fcber Liebe und Sucht<\/p>\n<p>30 min., ZDF\/3Sat<\/p>\n<p>LAND DES WINDES &#8211; LAND DER TR\u00c4UMER<\/p>\n<p>Literarische Filmerz\u00e4hlung \u00fcber Don Quijote und das heutige Spanien<\/p>\n<p>30 min., ZDF\/3Sat\/ARTE<\/p>\n<p><span style=\"color: #ffffff;\">XXX<\/span><\/p>\n<p>AUSZEICHNUNGEN<\/p>\n<p>Zahlreiche Filme sind nominiert und ausgezeichnet worden, u.a. Goldener L\u00f6we\/Deutscher Fernsehpreis, Finalist New York Filmfestival, Gold und Silver Awards Houston Filmfestival<\/p>\n<p>KONZEPT \/ DREHBUCH<\/p>\n<p>Neben den Fernseh- und Dokumentarfilmen entstehen zahlreiche Konzepte und Drehb\u00fccher f\u00fcr \u00f6ffentliche und private Unternehmen.<\/p>\n<p>Charlotte Acklin ist Mitbegr\u00fcnderin der next step Filmproduktion GmbH in M\u00fcnchen, die sich auf Fernseh- und Imagefilme spezialisiert hat und weltweit arbeitet.[\/vc_column_text][\/vc_column][vc_column width=&#8221;1\/2&#8243;][vc_column_text 0=&#8221;&#8221;]<\/p>\n<p><span style=\"color: #ffffff;\">XXX<\/span><\/p>\n<h3><strong>Filmography<\/strong><\/h3>\n<p>Direction of television drama and documentary movies (selection):<\/p>\n<p>THE NEW PATRONS OF THE ARTS<\/p>\n<p>Documentary about commercial art sponsoring<\/p>\n<p>30 min., ARD\/BR\/ARTE<\/p>\n<p>THE DESERT DROWNING<\/p>\n<p>Television drama about the legendary author and adventuress Isabelle Eberhardt in the Sahara at the turn of the 20th century<\/p>\n<p>60 min., ZDF\/ARTE, starring Volker Spahr, Osman Ragheb, Heidy Forster, Ghassan Naasan, Jutta Lampe, August Zirner and other<\/p>\n<p>THE YOUNG UPRISING<\/p>\n<p>Documentary about racial conflict in South Africa<\/p>\n<p>45 min., ARD\/WDR\/ARTE<\/p>\n<p>SARAFINA \u2013 THEATER OF LIBERATION<\/p>\n<p>Documentary about a black drama group from Johannesburg who perform the chronicles of black South Africa in the unusual form of a musical<\/p>\n<p>75 min., ARD\/WDR\/ARTE<\/p>\n<p>A MATTER OF LIFE AND DEATH<\/p>\n<p>Television drama about the myth of childhood, based on the story &#8220;My Last Journey&#8221; by the Nobel Prize laureate Luigi Pirandello<\/p>\n<p>60 min., ZDF\/ ARTE, starring Michael Mendel, Rainer Friedrichsen, Malcom Thomson, Horst Sachtleben and other<\/p>\n<p>TIMES ARE TOUGH<\/p>\n<p>Road-movie about the odyssey of a Swiss clown in a stand-up comedians&#8217; world in New York<\/p>\n<p>90 min., ZDF \/ ARTE, starring Pello, Stan George, Ralph Cooper Jun., Al Loubell, Jamie du Roy, Billy Jay and other<\/p>\n<p>THE DALAI LAMA \u2013 TIBETANS\u2019 GOD-KING?<\/p>\n<p>Portrait of the Dalai Lama during his Indian exile<\/p>\n<p>45 min., ARD\/WDR\/3sat\/ARTE; nominated for the Grimme Award<\/p>\n<p>HEART SOUNDS<\/p>\n<p>Documentary about music in the field of medicine at its impact on the subconscious<\/p>\n<p>45 min., ARD\/SWF\/HR\/ARTE<\/p>\n<p>ROUND TRIP UNDERWORLD<\/p>\n<p>Portrait of the world famous Canadian writer Margaret Atwood<\/p>\n<p>45 min., WDR\/HR\/ARTE<\/p>\n<p>SO CLOSE YET SO FAR<\/p>\n<p>Documentary about people in a coma and their families<\/p>\n<p>30 min, ZDF\/3Sat\/ARTE; nominated for the Golden Lion\/German Television Award<\/p>\n<p>TURBO KIDS<\/p>\n<p>Documentary about young children on their way to a Formula One racing career<\/p>\n<p>30 min., ZDF\/3Sat<\/p>\n<p>NOTHING SHORT OF A MIRACLE<\/p>\n<p>Documentary about medically unexplainable cures<\/p>\n<p>30 min., ZDF\/3Sat<\/p>\n<p>PERILOUS EMBRACE<\/p>\n<p>Documentary about the disastrous alliance of love and addiction<\/p>\n<p>30 min., ZDF\/3Sat<\/p>\n<p>LAND OF WINDS \u2013 LAND OF DREAMS<\/p>\n<p>Literary film narrative about the myth of Don Quixote in modern-day Spain<\/p>\n<p>30 min., ZDF\/3Sat\/ ARTE<\/p>\n<p><span style=\"color: #ffffff;\">XX<\/span><\/p>\n<p><span style=\"color: #ffffff;\">XXX<\/span><\/p>\n<p>AWARDS<\/p>\n<p>Numerous movie projects have been nominated for and\/or awarded with, amongst other, the Golden Lion\/German Television Award, Finalist New York Film Festival, Gold and Silver Awards Houston Film Festival.<\/p>\n<p>CONCEPTS AND SCREEN PLAYS<\/p>\n<p>Beside the television drama and documentary movies, she has written numerous concepts and screen plays for the public and private media sector.<\/p>\n<p>Charlotte Acklin is co-founder of next step Filmproduktion GmbH located in Munich, Germany, which has specialized in the production of television and image films and operates with an international scope.[\/vc_column_text][\/vc_column][\/vc_row]<\/p>\n<\/div>","protected":false},"excerpt":{"rendered":"<p>[vc_row][vc_column width=&#8221;1\/2&#8243;][vc_column_text] XXX Filmografie Regie Fernsehspiel- und Dokumentarfilme (Auswahl): DIE NEUEN M\u00c4ZENE Reportage zum Thema Kunstsponsoring 30 min., ARD\/BR\/ARTE IN DER W\u00dcSTE ERTRUNKEN Fernsehspiel \u00fcber die legend\u00e4re Schriftstellerin und Abenteurerin Isabelle Eberhardt in der Sahara zu Anfang des 20. Jahrhunderts 60 min., ZDF\/ARTE; mit Volker Spahr, Osman Ragheb, Heidy Forster, Ghassan Naasan, Jutta Lampe, August&hellip;<\/p>\n","protected":false},"author":1,"featured_media":0,"parent":0,"menu_order":0,"comment_status":"closed","ping_status":"closed","template":"","meta":{"_acf_changed":false,"footnotes":""},"class_list":["post-4326","page","type-page","status-publish","hentry"],"acf":[],"_links":{"self":[{"href":"https:\/\/www.charlotteacklin.com\/wordpress\/wp-json\/wp\/v2\/pages\/4326","targetHints":{"allow":["GET"]}}],"collection":[{"href":"https:\/\/www.charlotteacklin.com\/wordpress\/wp-json\/wp\/v2\/pages"}],"about":[{"href":"https:\/\/www.charlotteacklin.com\/wordpress\/wp-json\/wp\/v2\/types\/page"}],"author":[{"embeddable":true,"href":"https:\/\/www.charlotteacklin.com\/wordpress\/wp-json\/wp\/v2\/users\/1"}],"replies":[{"embeddable":true,"href":"https:\/\/www.charlotteacklin.com\/wordpress\/wp-json\/wp\/v2\/comments?post=4326"}],"version-history":[{"count":7,"href":"https:\/\/www.charlotteacklin.com\/wordpress\/wp-json\/wp\/v2\/pages\/4326\/revisions"}],"predecessor-version":[{"id":5217,"href":"https:\/\/www.charlotteacklin.com\/wordpress\/wp-json\/wp\/v2\/pages\/4326\/revisions\/5217"}],"wp:attachment":[{"href":"https:\/\/www.charlotteacklin.com\/wordpress\/wp-json\/wp\/v2\/media?parent=4326"}],"curies":[{"name":"wp","href":"https:\/\/api.w.org\/{rel}","templated":true}]}}