{"id":4929,"date":"2017-06-01T08:27:52","date_gmt":"2017-06-01T08:27:52","guid":{"rendered":"http:\/\/www.charlotteacklin.com\/wordpress\/?page_id=4929"},"modified":"2025-06-06T15:29:05","modified_gmt":"2025-06-06T13:29:05","slug":"biographie-2","status":"publish","type":"page","link":"https:\/\/www.charlotteacklin.com\/wordpress\/biographie-2\/","title":{"rendered":"Biographie 2"},"content":{"rendered":"<div class=\"wpb-content-wrapper\"><p>&nbsp;<\/p>\n<p>[vc_row][vc_column width=&#8221;1\/6&#8243;][vc_single_image image=&#8221;4932&#8243; img_size=&#8221;&#8221;][\/vc_column][vc_column width=&#8221;5\/12&#8243;][vc_column_text]<span style=\"color: #ffffff;\">XXX<\/span><\/p>\n<h3><strong>Biographie<\/strong><\/h3>\n<p>Filmemacherin und Malerin, geboren in Rheinfelden bei Basel, Schweiz. Studium und Abschluss in Theater-Regie\/Schauspiel. Gast an der Akademie der Bildenden K\u00fcnste in M\u00fcnchen (u.a. bei Prof. Robin Page). Lebt und arbeitet in M\u00fcnchen.<\/p>\n<p>Theaterengagements an den st\u00e4dtischen B\u00fchnen u.a. in Bern, Darmstadt, Stuttgart, Frankfurt.<\/p>\n<p>Regisseurin f\u00fcr Spiel- und Dokumentarfilm f\u00fcr ARD mit WDR, BR, SWR, f\u00fcr das ZDF, 3sat und ARTE.<\/p>\n<p>Der Durchbruch als Regisseurin gelingt mit dem Fernsehspiel IN DER W\u00dcSTE ERTRUNKEN, der Verfilmung der Geschichte der legend\u00e4ren Schriftstellerin und Abenteurerin Isabelle Eberhardt in der Sahara zu Anfang des 20. Jahrhunderts, gedreht in den W\u00fcstenlandschaften Algeriens (ZDF, ARTE).<\/p>\n<p>In den USA entsteht TIMES ARE TOUGH, ein Roadmovie \u00fcber die Geschichte eines Clowns in der turbulenten Welt der New Yorker Stand-up-Comedians (ZDF, ARTE), gefolgt von Fernsehspielen wie AUF LEBEN UND TOD nach einer Erz\u00e4hlung von Luigi Pirandello \u00fcber den Mythos Kindheit (ZDF, ARTE).<\/p>\n<p>In ihren Dokumentarfilmen und Reportagen \u00fcberwiegen kultur- und gesellschaftspolitische Themen: <em>DER AUFSTAND DER KINDER<\/em>, ein Dokumentarfilm zum Thema Rassenkonflikt in S\u00fcdafrika (ARD); <em>SARAFINA \u2013 THEATER DER BEFREIUNG<\/em>, ein Dokumentarfilm \u00fcber eine schwarze Theatergruppe aus Johannesburg (ARD, ARTE); in <em>FERN UND DOCH SO NAH<\/em> geht es um Menschen im Grenzbereich zwischen Leben und Tod (ZDF, 3sat); in <em>GEF\u00c4HRLICHE UMARMUNG<\/em> um die verh\u00e4ngnisvolle Verbindung von Liebe und Sucht (ZDF, 3sat).<\/p>\n<p>Ein weiterer Schwerpunkt sind Portraits wie <em>DER DALAI LAMA &#8211; GOTTK\u00d6NIG DER TIBETER?<\/em>, ein Portrait des Dalai Lama im Exil in Indien (ARD, ARTE) oder <em>EINMAL UNTERWELT UND ZUR\u00dcCK<\/em>, ein Portrait der kanadischen Schriftstellerin Margaret Atwood (ARD, ARTE), sowie Literarische Filmerz\u00e4hlungen wie <em>LAND DES WINDES &#8211; LAND DER TR\u00c4UMER<\/em> \u00fcber den Mythos Don Quijote im heutigen Spanien (ZDF, ARTE).<\/p>\n<p>Zahlreiche Filme sind nominiert und ausgezeichnet worden, u.a. Goldener L\u00f6we\/Deutscher Fernsehpreis, New York Film Festival, Gold und Silver Awards Houston Film Festival.<\/p>\n<p>Beginn der Auseinandersetzung mit der Malerei w\u00e4hrend der Arbeit als Filmemacherin; Gast an der Akademie der Bildenden K\u00fcnste in M\u00fcnchen (u.a. bei Prof. Robin Page).\u00a0Es entstehen gro\u00dfformatige abstrakte Bilder (\u00d6l) und Zeichnungen (Graphit\/Tusche\/Kohle).<\/p>\n<p>&nbsp;<\/p>\n<p><strong>Ausstellungen<\/strong><\/p>\n<p><em>SCHICHTUNG UND SCHIEFERUNG, <\/em>2014<\/p>\n<p>Galerie Christian Pixis, M\u00fcnchen, Einzelausstellung: Querschnitt aus den 2011 bis 2014 entstandenen \u00d6lbildern<\/p>\n<p><em>AUFSICHT UND UNTERGRUND,<\/em> 2016<\/p>\n<p>Galerie Christian Pixis, M\u00fcnchen, Einzelausstellung: neue Bilder von 2015 und 2016<\/p>\n<p><em>ERINNERUNG AN UNBEKANNTES TERRAIN,<\/em> 2018<\/p>\n<p>Susan Boutwell Gallery, M\u00fcnchen-Sydney, Einzelausstellung OPEN art 2018: neue Bilder von 2017 und 2018<\/p>\n<p><em>OBJEKTE \/ \u00d6LBILDER \/ ZEICHNUNGEN,<\/em> 2019<\/p>\n<p>Schloss Ismaning, Schlosspavillon, Ismaning\/M\u00fcnchen, zusammen mit Tamara Ralis<\/p>\n<p><em>PAPER MATTERS,<\/em> 2020<\/p>\n<p>Susan Boutwell Gallery, M\u00fcnchen, Gruppenausstellung: Zeichnungen, Papierarbeiten<\/p>\n<p><em>ZWISCHEN DEN POLEN \u2013 IM AUFBRUCH,<\/em> 2020<\/p>\n<p>Susan Boutwell Gallery, M\u00fcnchen-Sydney, Einzelausstellung OPEN art 2020: neue Bilder von 2019 und 2020<\/p>\n<div class=\"page\" title=\"Page 65\">\n<div class=\"section\">\n<div class=\"layoutArea\">\n<div class=\"column\">\n<p><em>DUNKLE MATERIE HELLE ENERGIE,<\/em> 2022<\/p>\n<p>Boutwell Schabrowsky Gallery, Mu\u0308nchen, Einzelausstellung: neue Bilder 2020 \u2013 2022\n<\/p><\/div>\n<\/div>\n<p>&nbsp;<br \/>\n<em>THE KNOWN UNKNOWN,<\/em> 2025<\/p>\n<p>Sonderausstellung H112, Kuratorin Susan Boutwell (Boutwell Schabrowsky Gallery), M\u00fcnchen, Einzelausstellung: Bilder 2018 &#8211; 2025<\/p>\n<\/div>\n<\/div>\n<p>&nbsp;<\/p>\n<p>&nbsp;<\/p>\n<p><em>&#8220;Aufsicht und Untergrund sind die Pole, zwischen denen sich die Gegens\u00e4tze entfalten: Aufsicht ist, was wir an der Oberfl\u00e4che sehen, der t\u00e4gliche Diskurs. Der Untergrund wird bestimmt durch die zahlreichen Schichten und Fundamente, die, nicht einsehbar, unter den Oberfl\u00e4chen liegen und sie tragen. Ob wir sie sehen k\u00f6nnen \/ wollen oder nicht, die Geometrie, die Br\u00fcche und die Deformationen im Untergrund pr\u00e4gen uns und unsere Sicht auf das Geschehen.<\/em><\/p>\n<p><em>Es geht um die Art der Wahrnehmung, das Ausloten von Grenzen und deren \u00dcberschreitung, Deformation und Formierung. Eine Reaktion auf eine sich st\u00e4ndig ver\u00e4ndernde Wirklichkeit. Es gilt, Sichtweisen immer neu zu kalibrieren. Jedes Bild ist ein eigener Prozess, in einem bestimmten Zeitraum, und in seiner eigenen Materialit\u00e4t<\/em>.&#8221;[\/vc_column_text][\/vc_column][vc_column width=&#8221;5\/12&#8243;][vc_column_text]<span style=\"color: #ffffff;\">XXX<\/span><\/p>\n<h3><strong>Biography<\/strong><\/h3>\n<p>Filmmaker and painter, born in Rheinfelden near Basel, Switzerland; studied and graduated in theatre directing\/acting. Guest at the Academy of Fine Arts in Munich (with Prof. Robin Page, among others). Lives and works in Munich.<\/p>\n<p>Theater engagements at the municipal stages i.a. in Bern, Darmstadt, Stuttgart, Frankfurt.<\/p>\n<p>Director for feature and documentary films, for ARD, ZDF, 3sat, and ARTE.<\/p>\n<p>The movie <em>THE DESERT DROWNING<\/em> marks her breakthrough as a director: a television drama about the legendary author and adventuress Isabelle Eberhardt in the Sahara at the turn of the 20th century, filmed on location in the desert sceneries of Algeria (ZDF, ARTE).<\/p>\n<p><em>TIMES ARE TOUGH<\/em>, filmed on location in the USA, is a road-movie about the odyssey of a Swiss clown in the turbulent stand-up comedians\u2019 world in New York (ZDF, ARTE), followed by television dramas like <em>A MATTER OF LIFE AND DEATH<\/em>, based on a story by Luigi Pirandello about the myth of childhood (ZDF, ARTE).<\/p>\n<p>In the forefront of her documentaries and reports lie socio-political and culturally political topics: <em>THE YOUNG UPRISING<\/em>, a documentary on the subject of racial conflict in South Africa (ARD); <em>SARAFINA &#8211; THEATRE OF LIBERATION<\/em>, a documentary about a black drama group from Johannesburg (ARD, ARTE); <em>SO CLOSE YET SO FAR<\/em> deals with people in a coma, on the border-line to life and death (ZDF, 3sat); <em>PERILOUS EMBRACE<\/em> faces the disastrous alliance of love and addiction (ZDF, 3sat).<br \/>\n&nbsp;<\/p>\n<p>A further focal point are portraits like <em>THE DALAI LAMA \u2013 TIBETAN\u2019S GOD-KING?<\/em>, a study of the Dalai Lama in his Indian exile (ARD, ARTE), or <em>ROUND TRIP UNDERWORLD<\/em>, a portrait of the world famous Canadian writer Margaret Atwood (ARD, ARTE), furthermore literary film narratives such as <em>LAND OF WINDS &#8211; LAND OF DREAMERS<\/em> about the myth of Don Quixote in modern-day Spain (ZDF, ARTE).<\/p>\n<p>Her films have been nominated and awarded with numerous prizes, including the Golden Lion\/German Television Award, New York Film Festival, Gold and Silver Awards Houston Film Festival.<\/p>\n<p>Charlotte Acklin started painting while working as a filmmaker; guest at the Academy of Fine Arts in Munich (with Prof. Robin Page, among others). Her work comprises large-format abstract paintings (oil) and drawings (graphite\/ink\/charcoal). <span style=\"color: #ffffff;\">xxxxxxxxxxxxxxxxxxxxxxxxx<\/span><\/p>\n<p>&nbsp;<\/p>\n<p><strong>Exhibitions<\/strong><\/p>\n<p><em>STRATIFICATION AND FOLIATION,<\/em> 2014<\/p>\n<p>Christian Pixis Art Gallery, Munich, Solo exhibition: cross-section of oil paintings 2011 &#8211; 2014<\/p>\n<p><em>ABOVE AND UNDER,<\/em> 2016<\/p>\n<p>Christian Pixis Art Gallery, Munich, Solo exhibition: new paintings 2015 and 2016<\/p>\n<p><em>MEMORY OF UNCHARTED TERRAIN,<\/em> 2018<\/p>\n<p>Susan Boutwell Gallery, Munich-Sydney, Solo exhibition OPEN art 2018: new paintings 2017 and 2018<\/p>\n<p><em>OBJECTS \/ OIL PAINTINGS \/ DRAWINGS,<\/em> 2019<\/p>\n<p>Chateau Ismaning, Castle Pavilion, Ismaning\/Munich, together with Tamara Ralis<\/p>\n<p><em>PAPER MATTERS,<\/em> 2020<\/p>\n<p>Susan Boutwell Gallery, Munich, Group exhibition: drawings, paper works<\/p>\n<p><em>BETWEEN THE POLES \u2013 ON THE MOVE,<\/em> 2020<\/p>\n<p>Susan Boutwell Gallery, Munich-Sydney, Solo exhibition OPEN art 2020: new paintings 2019 and 2020<\/p>\n<div class=\"page\" title=\"Page 64\">\n<div class=\"section\">\n<div class=\"layoutArea\">\n<div class=\"column\">\n<p><em>DARK MATTER BRIGHT ENERGY,<\/em> 2022<\/p>\n<p>Boutwell Schabrowsky Gallery, Munich, Solo exhibition: new paintings 2020 \u2013 2022\n<\/p><\/div>\n<\/div>\n<\/div>\n<p>&nbsp;<br \/>\n<em>THE KNOWN UNKNOWN,<\/em> 2025<\/p>\n<p>Special exhibition H112, Curator Susan Boutwell (Boutwell Schabrowsky Gallery), Munich, Solo exhibition: paintings 2018 \u2013 2025<\/p>\n<\/div>\n<\/div>\n<p>&nbsp;<\/p>\n<p>&nbsp;<\/p>\n<p><em>&#8220;Supervision and substructure are the poles between which opposites unfold: supervision is what we see on the surface, the daily discourse. The substructure is defined by the many layers and foundations that lie beneath the surface, hidden from view, yet supporting it. Whether we can &#8211; or want to &#8211; see them or not, the geometry, fractures, and deformations in the substructure shape us and our perspective on what is happening.<br \/>\n&nbsp;<\/p>\n<p>It is about the nature of perception, about probing boundaries and crossing them, about deformation and formation. A response to an ever-changing reality. Perspectives must be continuously recalibrated. Each image is its own process, tied to a specific moment in time and its unique materiality.&#8221;<em><br \/>\n[\/vc_column_text][\/vc_column][\/vc_row]<\/p>\n<\/div>","protected":false},"excerpt":{"rendered":"<p>&nbsp; [vc_row][vc_column width=&#8221;1\/6&#8243;][vc_single_image image=&#8221;4932&#8243; img_size=&#8221;&#8221;][\/vc_column][vc_column width=&#8221;5\/12&#8243;][vc_column_text]XXX Biographie Filmemacherin und Malerin, geboren in Rheinfelden bei Basel, Schweiz. Studium und Abschluss in Theater-Regie\/Schauspiel. Gast an der Akademie der Bildenden K\u00fcnste in M\u00fcnchen (u.a. bei Prof. Robin Page). Lebt und arbeitet in M\u00fcnchen. Theaterengagements an den st\u00e4dtischen B\u00fchnen u.a. in Bern, Darmstadt, Stuttgart, Frankfurt. Regisseurin f\u00fcr Spiel- und&hellip;<\/p>\n","protected":false},"author":1,"featured_media":0,"parent":0,"menu_order":0,"comment_status":"closed","ping_status":"closed","template":"","meta":{"_acf_changed":false,"footnotes":""},"class_list":["post-4929","page","type-page","status-publish","hentry"],"acf":[],"_links":{"self":[{"href":"https:\/\/www.charlotteacklin.com\/wordpress\/wp-json\/wp\/v2\/pages\/4929","targetHints":{"allow":["GET"]}}],"collection":[{"href":"https:\/\/www.charlotteacklin.com\/wordpress\/wp-json\/wp\/v2\/pages"}],"about":[{"href":"https:\/\/www.charlotteacklin.com\/wordpress\/wp-json\/wp\/v2\/types\/page"}],"author":[{"embeddable":true,"href":"https:\/\/www.charlotteacklin.com\/wordpress\/wp-json\/wp\/v2\/users\/1"}],"replies":[{"embeddable":true,"href":"https:\/\/www.charlotteacklin.com\/wordpress\/wp-json\/wp\/v2\/comments?post=4929"}],"version-history":[{"count":85,"href":"https:\/\/www.charlotteacklin.com\/wordpress\/wp-json\/wp\/v2\/pages\/4929\/revisions"}],"predecessor-version":[{"id":5682,"href":"https:\/\/www.charlotteacklin.com\/wordpress\/wp-json\/wp\/v2\/pages\/4929\/revisions\/5682"}],"wp:attachment":[{"href":"https:\/\/www.charlotteacklin.com\/wordpress\/wp-json\/wp\/v2\/media?parent=4929"}],"curies":[{"name":"wp","href":"https:\/\/api.w.org\/{rel}","templated":true}]}}